{"id":1063,"date":"2024-10-11T09:04:23","date_gmt":"2024-10-11T09:04:23","guid":{"rendered":"https:\/\/fermailea.ro\/?post_type=product&#038;p=1063"},"modified":"2024-10-23T11:14:10","modified_gmt":"2024-10-23T11:14:10","slug":"pompa-frana-nissan-cabstar-1998-2006-ambreiaj-placute-discuri-saboti-piese-2-pompa-frana-nissan-cabstar-1998-2006-ambreiaj-placute-discuri-saboti-piese-3-pompa-frana-nissan-cabstar-1998-2006-ambre","status":"publish","type":"product","link":"https:\/\/fermailea.ro\/en\/product\/pompa-frana-nissan-cabstar-1998-2006-ambreiaj-placute-discuri-saboti-piese-2-pompa-frana-nissan-cabstar-1998-2006-ambreiaj-placute-discuri-saboti-piese-3-pompa-frana-nissan-cabstar-1998-2006-ambre\/","title":{"rendered":"Dulcea\u021b\u0103 de zmeur\u0103"},"content":{"rendered":"<p>Aici va fi o descriere complet\u0103 a produsului<\/p>","protected":false},"excerpt":{"rendered":"<p>Aici va fi o descriere complet\u0103 a produsului<\/p>","protected":false},"featured_media":1427,"comment_status":"open","ping_status":"closed","template":"","meta":[],"product_brand":[],"product_cat":[54],"product_tag":[],"class_list":{"0":"post-1063","1":"product","2":"type-product","3":"status-publish","4":"has-post-thumbnail","6":"product_cat-dulceturi-naturale","8":"first","9":"instock","10":"shipping-taxable","11":"purchasable","12":"product-type-simple"},"_links":{"self":[{"href":"https:\/\/fermailea.ro\/en\/wp-json\/wp\/v2\/product\/1063","targetHints":{"allow":["GET"]}}],"collection":[{"href":"https:\/\/fermailea.ro\/en\/wp-json\/wp\/v2\/product"}],"about":[{"href":"https:\/\/fermailea.ro\/en\/wp-json\/wp\/v2\/types\/product"}],"replies":[{"embeddable":true,"href":"https:\/\/fermailea.ro\/en\/wp-json\/wp\/v2\/comments?post=1063"}],"wp:featuredmedia":[{"embeddable":true,"href":"https:\/\/fermailea.ro\/en\/wp-json\/wp\/v2\/media\/1427"}],"wp:attachment":[{"href":"https:\/\/fermailea.ro\/en\/wp-json\/wp\/v2\/media?parent=1063"}],"wp:term":[{"taxonomy":"product_brand","embeddable":true,"href":"https:\/\/fermailea.ro\/en\/wp-json\/wp\/v2\/product_brand?post=1063"},{"taxonomy":"product_cat","embeddable":true,"href":"https:\/\/fermailea.ro\/en\/wp-json\/wp\/v2\/product_cat?post=1063"},{"taxonomy":"product_tag","embeddable":true,"href":"https:\/\/fermailea.ro\/en\/wp-json\/wp\/v2\/product_tag?post=1063"}],"curies":[{"name":"wp","href":"https:\/\/api.w.org\/{rel}","templated":true}]}}